{"id":70,"date":"2016-06-10T09:44:20","date_gmt":"2016-06-10T07:44:20","guid":{"rendered":"https:\/\/www.gestalgarturismo.es\/?page_id=70"},"modified":"2016-12-02T20:02:31","modified_gmt":"2016-12-02T19:02:31","slug":"galeria","status":"publish","type":"page","link":"https:\/\/www.gestalgarturismo.es\/en\/galeria\/","title":{"rendered":"Gallery"},"content":{"rendered":"<p><style id=\"bwg-style-2\">    #bwg_container1_2 #bwg_container2_2 .bwg_album_extended_thumbnails_2 {      -moz-box-sizing: border-box;      box-sizing: border-box;      background-color: rgba(255, 255, 255, 0.00);      text-align: left;    }    #bwg_container1_2 #bwg_container2_2 .bwg-container-2.bwg-album-extended .bwg-extended-item {      display: flex;      flex-direction: row;      flex-wrap: wrap;      min-height: 150px;      border-bottom: 1px solid #E0E0E0;      background-color: rgba(255, 255, 255, 0.00);      border-radius: 0 0 0 0;      margin: 0 0 5px 0;      overflow: hidden;    }    #bwg_container1_2 #bwg_container2_2 .bwg-container-2.bwg-album-extended .bwg-extended-item0 {      margin: 10px 5px;      background-color: #FFFFFF;      border-radius: 0;      border: 1px solid #E8E8E8;      display: flex;      flex-direction: column;      padding: 5px;      justify-content: center;      max-width: 120px;    }    #bwg_container1_2 #bwg_container2_2 .bwg-container-2.bwg-album-extended .bwg-extended-item1 {      margin: 10px 5px;      background-color: #FFFFFF;      border-radius: 0;      border: 1px solid #E8E8E8;      display: flex;      flex-direction: column;      border-collapse: collapse;      padding: 5px;      justify-content: start;    }    #bwg_container1_2 #bwg_container2_2 .bwg-container-2.bwg-album-extended .bwg_title_spun_2 {      border: 1px none #CCCCCC;      color: #000000;      display: block;      font-family: segoe ui;      font-size: 16px;      font-weight: bold;      height: inherit;      margin-bottom: 2px;      padding: 2px;      text-align: left;      vertical-align: middle;      width: 100%;    }    #bwg_container1_2 #bwg_container2_2 .bwg-container-2.bwg-album-extended .bwg_description_spun1_2 a {      color: #000000;      font-size: 14px;      font-weight: normal;      font-family: segoe ui;    }    #bwg_container1_2 #bwg_container2_2 .bwg-container-2.bwg-album-extended .bwg_description_spun1_2 .bwg_description_short_2 p {      border: 1px none #CCCCCC;      display: inline-block;      color: #000000;      font-size: 14px;      font-weight: normal;      font-family: segoe ui;      height: inherit;      padding: 2px;      vertical-align: middle;      width: 100%;      word-wrap: break-word;      word-break: break-word;    }    #bwg_container1_2 #bwg_container2_2 .bwg-container-2.bwg-album-extended .bwg_description_spun1_2 * {      margin: 0;    }    #bwg_container1_2 #bwg_container2_2 .bwg-container-2.bwg-album-extended .bwg_description_spun2_2 {      float: left;    }    #bwg_container1_2 #bwg_container2_2 .bwg-container-2.bwg-album-extended .bwg_description_short_2 {      display: inline;    }    #bwg_container1_2 #bwg_container2_2 .bwg-container-2.bwg-album-extended .bwg_description_full {      display: none;    }    #bwg_container1_2 #bwg_container2_2 .bwg-container-2.bwg-album-extended .bwg_description_more_2 {      clear: both;      color: #F2D22E;      cursor: pointer;      float: right;      font-size: 12px;      font-weight: normal;    }    #bwg_container1_2 #bwg_container2_2 .bwg-container-2.bwg-album-extended .bwg-item0 {      padding: 0px;      background-color: #FFFFFF;      border-radius: 0;      border: 0px none #CCCCCC;      box-shadow: ;      margin: 2px;      opacity: 1.00;    }    #bwg_container1_2 #bwg_container2_2 .bwg-container-2.bwg-album-extended .bwg-item1 {      padding-top: 75%;    }          @media only screen and (min-width: 480px) {        #bwg_container1_2 #bwg_container2_2 .bwg-container-2.bwg-album-extended .bwg-item0 {                  }        #bwg_container1_2 #bwg_container2_2 .bwg-container-2.bwg-album-extended .bwg-item0:hover {          -ms-transform: scale(1.1);          -webkit-transform: scale(1.1);          transform: scale(1.1);        }        #bwg_container1_2 #bwg_container2_2 .bwg-container-2.bwg-album-extended .bwg-item1 img:hover {          -ms-transform: none;          -webkit-transform: none;          transform: none;        }      }          #bwg_container1_2 #bwg_container2_2 .bwg-container-2.bwg-standard-thumbnails {      width: 904px;              justify-content: center;        margin:0 auto !important;              background-color: rgba(255, 255, 255, 0.00);            padding-left: 4px;      padding-top: 4px;      max-width: 100%;            }        #bwg_container1_2 #bwg_container2_2 .bwg-container-2.bwg-standard-thumbnails .bwg-item {      justify-content: flex-start;      max-width: 180px;            width: 180px !important;          }    #bwg_container1_2 #bwg_container2_2 .bwg-container-2.bwg-standard-thumbnails .bwg-item > a {       margin-right: 4px;       margin-bottom: 4px;    }    #bwg_container1_2 #bwg_container2_2 .bwg-container-2.bwg-standard-thumbnails .bwg-item0 {      padding: 0px;            background-color:rgba(255,255,255, 0.30);      border: 0px none #CCCCCC;      opacity: 1.00;      border-radius: 0;      box-shadow: 0px 0px 0px #888888;    }    #bwg_container1_2 #bwg_container2_2 .bwg-container-2.bwg-standard-thumbnails .bwg-item1 img {      max-height: none;      max-width: none;      padding: 0 !important;    }        @media only screen and (min-width: 480px) {      #bwg_container1_2 #bwg_container2_2 .bwg-container-2.bwg-standard-thumbnails .bwg-item0 {        transition: all 0.3s ease 0s;-webkit-transition: all 0.3s ease 0s;      }      #bwg_container1_2 #bwg_container2_2 .bwg-container-2.bwg-standard-thumbnails .bwg-item0:hover {        -ms-transform: scale(1.1);        -webkit-transform: scale(1.1);        transform: scale(1.1);      }    }          #bwg_container1_2 #bwg_container2_2 .bwg-container-2.bwg-standard-thumbnails .bwg-item1 {      padding-top: 50%;    }        #bwg_container1_2 #bwg_container2_2 .bwg-container-2.bwg-standard-thumbnails .bwg-title2,    #bwg_container1_2 #bwg_container2_2 .bwg-container-2.bwg-standard-thumbnails .bwg-ecommerce2 {      color: #CCCCCC;      font-family: segoe ui;      font-size: 16px;      font-weight: bold;      padding: 2px;      text-shadow: 0px 0px 0px #888888;      max-height: 100%;    }    #bwg_container1_2 #bwg_container2_2 .bwg-container-2.bwg-standard-thumbnails .bwg-thumb-description span {    color: #323A45;    font-family: Ubuntu;    font-size: 12px;    max-height: 100%;    word-wrap: break-word;    }    #bwg_container1_2 #bwg_container2_2 .bwg-container-2.bwg-standard-thumbnails .bwg-play-icon2 {      font-size: 32px;    }    #bwg_container1_2 #bwg_container2_2 .bwg-container-2.bwg-standard-thumbnails .bwg-ecommerce2 {      font-size: 19.2px;      color: #CCCCCC;    }    <\/style>    <div id=\"bwg_container1_2\"         class=\"bwg_container bwg_thumbnail bwg_album_extended_preview\"         data-right-click-protection=\"0\"         data-bwg=\"2\"         data-current-url=\"https:\/\/www.gestalgarturismo.es\/en\/wp-json\/wp\/v2\/pages\/70\"         data-lightbox-url=\"https:\/\/www.gestalgarturismo.es\/wp-admin\/admin-ajax.php?action=GalleryBox&current_view=2&gallery_id=0&tag=0&theme_id=1&shortcode_id=1&sort_by=order&order_by=asc&current_url=https%3A%2F%2Fwww.gestalgarturismo.es%2Fen%2Fwp-json%2Fwp%2Fv2%2Fpages%2F70\"         data-gallery-id=\"0\"         data-popup-width=\"800\"         data-popup-height=\"500\"         data-buttons-position=\"bottom\">      <div id=\"bwg_container2_2\">             <div id=\"ajax_loading_2\" class=\"bwg_loading_div_1\">      <div class=\"bwg_loading_div_2\">        <div class=\"bwg_loading_div_3\">          <div id=\"loading_div_2\" class=\"bwg_spider_ajax_loading\">          <\/div>        <\/div>      <\/div>    <\/div>            <form id=\"gal_front_form_2\"              class=\"bwg-hidden\"              method=\"post\"              action=\"#\"              data-current=\"2\"              data-shortcode-id=\"1\"              data-gallery-type=\"album_extended_preview\"              data-gallery-id=\"0\"              data-tag=\"0\"              data-album-id=\"2\"              data-theme-id=\"1\"              data-ajax-url=\"https:\/\/www.gestalgarturismo.es\/wp-admin\/admin-ajax.php?action=bwg_frontend_data\">          <div id=\"bwg_container3_2\" class=\"bwg-background bwg-background-2\">                  <div data-max-count=\"2\"           data-thumbnail-width=\"120\"           data-global-spacing=\"0 0 5px 0\"           data-spacing=\"10\"           data-bwg=\"2\"           id=\"bwg_album_extended_2\"           class=\"bwg-album-extended bwg-border-box bwg-thumbnails bwg-container bwg-container-2 bwg-album-thumbnails bwg_album_extended_thumbnails_2\">                  <div class=\"bwg-extended-item\">            <div class=\"bwg-extended-item0\">              <a class=\"bwg-a bwg-album bwg_album_2\"                href='\/en\/wp-json\/wp\/v2\/pages\/70?type_2=gallery&#038;album_gallery_id_2=5'                 style=\"font-size: 0;\"                 data-bwg=\"2\"                 data-container_id=\"bwg_album_extended_2\"                 data-alb_gal_id=\"5\"                 data-def_type=\"gallery\"                 data-title=\"El pueblo\">                <div class=\"bwg-item0 bwg_album_thumb_2 lazy_loader\">                  <div class=\"bwg-item1 bwg_album_thumb_spun1_2\">                    <div class=\"bwg-item2\">                      <img class=\"skip-lazy \"                           data-width=\"300\"                           data-height=\"200\"                           data-original=\"https:\/\/www.gestalgarturismo.es\/wp-content\/uploads\/photo-gallery\/pueblo\/thumb\/Gestalgar.jpg\"                           src=\"https:\/\/www.gestalgarturismo.es\/wp-content\/uploads\/photo-gallery\/pueblo\/thumb\/Gestalgar.jpg\"                           alt=\"El pueblo\" \/>                    <\/div>                  <\/div>                <\/div>              <\/a>            <\/div>            <div class=\"bwg-extended-item1\">                              <a class=\"bwg-album bwg_album_2\"                   href='\/en\/wp-json\/wp\/v2\/pages\/70?type_2=gallery&#038;album_gallery_id_2=5'                   data-bwg=\"2\"                   data-container_id=\"bwg_album_extended_2\"                   data-alb_gal_id=\"5\"                   data-def_type=\"gallery\"                   data-title=\"El pueblo\">                  <span class=\"bwg_title_spun_2\">El pueblo<\/span>                <\/a>                                  <span class=\"bwg_description_spun1_2\">                <span class=\"bwg_description_short_2\">                  <p>El t\u00e9rmino municipal de Gestalgar se encuentra atravesado por el r\u00edo <a title=\"Turia\" href=\"https:\/\/es.wikipedia.org\/wiki\/Turia\">Turia<\/a>, que pasa junto al casco urbano, el cual se sit\u00faa en su margen izquierda.<\/p>                <\/span>              <\/span>                              <\/div>          <\/div>                    <div class=\"bwg-extended-item\">            <div class=\"bwg-extended-item0\">              <a class=\"bwg-a bwg-album bwg_album_2\"                href='\/en\/wp-json\/wp\/v2\/pages\/70?type_2=gallery&#038;album_gallery_id_2=1'                 style=\"font-size: 0;\"                 data-bwg=\"2\"                 data-container_id=\"bwg_album_extended_2\"                 data-alb_gal_id=\"1\"                 data-def_type=\"gallery\"                 data-title=\"Ermita\">                <div class=\"bwg-item0 bwg_album_thumb_2 lazy_loader\">                  <div class=\"bwg-item1 bwg_album_thumb_spun1_2\">                    <div class=\"bwg-item2\">                      <img class=\"skip-lazy \"                           data-width=\"200\"                           data-height=\"300\"                           data-original=\"https:\/\/www.gestalgarturismo.es\/wp-content\/uploads\/photo-gallery\/ermita\/thumb\/IMG_1687.JPG\"                           src=\"https:\/\/www.gestalgarturismo.es\/wp-content\/uploads\/photo-gallery\/ermita\/thumb\/IMG_1687.JPG\"                           alt=\"Ermita\" \/>                    <\/div>                  <\/div>                <\/div>              <\/a>            <\/div>            <div class=\"bwg-extended-item1\">                              <a class=\"bwg-album bwg_album_2\"                   href='\/en\/wp-json\/wp\/v2\/pages\/70?type_2=gallery&#038;album_gallery_id_2=1'                   data-bwg=\"2\"                   data-container_id=\"bwg_album_extended_2\"                   data-alb_gal_id=\"1\"                   data-def_type=\"gallery\"                   data-title=\"Ermita\">                  <span class=\"bwg_title_spun_2\">Ermita<\/span>                <\/a>                                  <span class=\"bwg_description_spun1_2\">                <span class=\"bwg_description_short_2\">                  <p><strong>Ermita en honor a los santos Abd\u00f3n y Sen\u00e9n<\/strong><\/p><p>Se encuentra enclavada en el denominado \u201cValle de San Antonio\u201d a orillas del r\u00edo T\u00faria, cuentan nuestros mayores, se construy\u00f3 para dar gracias por la carencia de accidentes ocasionados por la bajada de troncos que se efectuaba por el r\u00edo y posteriormente en honor de los Santos Abd\u00f3n y Sen\u00e9n para que protejan los cultivos de las inclemencias meteorol\u00f3gicas.<\/p>                <\/span>              <\/span>                              <\/div>          <\/div>                    <div class=\"bwg-extended-item\">            <div class=\"bwg-extended-item0\">              <a class=\"bwg-a bwg-album bwg_album_2\"                href='\/en\/wp-json\/wp\/v2\/pages\/70?type_2=gallery&#038;album_gallery_id_2=2'                 style=\"font-size: 0;\"                 data-bwg=\"2\"                 data-container_id=\"bwg_album_extended_2\"                 data-alb_gal_id=\"2\"                 data-def_type=\"gallery\"                 data-title=\"Castillo de los Murones\">                <div class=\"bwg-item0 bwg_album_thumb_2 lazy_loader\">                  <div class=\"bwg-item1 bwg_album_thumb_spun1_2\">                    <div class=\"bwg-item2\">                      <img class=\"skip-lazy \"                           data-width=\"300\"                           data-height=\"225\"                           data-original=\"https:\/\/www.gestalgarturismo.es\/wp-content\/uploads\/photo-gallery\/castillo_murones\/thumb\/Antonio.JPG\"                           src=\"https:\/\/www.gestalgarturismo.es\/wp-content\/uploads\/photo-gallery\/castillo_murones\/thumb\/Antonio.JPG\"                           alt=\"Castillo de los Murones\" \/>                    <\/div>                  <\/div>                <\/div>              <\/a>            <\/div>            <div class=\"bwg-extended-item1\">                              <a class=\"bwg-album bwg_album_2\"                   href='\/en\/wp-json\/wp\/v2\/pages\/70?type_2=gallery&#038;album_gallery_id_2=2'                   data-bwg=\"2\"                   data-container_id=\"bwg_album_extended_2\"                   data-alb_gal_id=\"2\"                   data-def_type=\"gallery\"                   data-title=\"Castillo de los Murones\">                  <span class=\"bwg_title_spun_2\">Castillo de los Murones<\/span>                <\/a>                                  <span class=\"bwg_description_spun1_2\">                <span class=\"bwg_description_short_2\">                  <p>El <b>Castillo de Gestalgar<\/b> es conocido en la localidad como <i>Los Murones<\/i> y se ubica en lo alto de un <a title=\"Risco\" href=\"https:\/\/es.wikipedia.org\/wiki\/Risco\">risco<\/a>, desde el cual se tiene una gran panor\u00e1mica de la zona, en el margen izquierdo del r\u00edo <a title=\"Turia\" href=\"https:\/\/es.wikipedia.org\/wiki\/Turia\">Turia<\/a>, desde donde se puede controlar tanto del valle como los accesos al mismo.<\/p><p>Est\u00e1 declarado <a title=\"Bien de Inter\u00e9s Cultural\" href=\"https:\/\/es.wikipedia.org\/wiki\/Bien_de_Inter%C3%A9s_Cultural\">Bien de Inter\u00e9s Cultural<\/a> y puede datarse su construcci\u00f3n en el <a title=\"Siglo XII\" href=\"https:\/\/es.wikipedia.org\/wiki\/Siglo_XII\">siglo XII<\/a>.<\/p>                <\/span>              <\/span>                              <\/div>          <\/div>                    <div class=\"bwg-extended-item\">            <div class=\"bwg-extended-item0\">              <a class=\"bwg-a bwg-album bwg_album_2\"                href='\/en\/wp-json\/wp\/v2\/pages\/70?type_2=gallery&#038;album_gallery_id_2=6'                 style=\"font-size: 0;\"                 data-bwg=\"2\"                 data-container_id=\"bwg_album_extended_2\"                 data-alb_gal_id=\"6\"                 data-def_type=\"gallery\"                 data-title=\"Entorno y alrededores\">                <div class=\"bwg-item0 bwg_album_thumb_2 lazy_loader\">                  <div class=\"bwg-item1 bwg_album_thumb_spun1_2\">                    <div class=\"bwg-item2\">                      <img class=\"skip-lazy \"                           data-width=\"300\"                           data-height=\"200\"                           data-original=\"https:\/\/www.gestalgarturismo.es\/wp-content\/uploads\/photo-gallery\/entorno_alrededores\/thumb\/Acueducto_1.jpg\"                           src=\"https:\/\/www.gestalgarturismo.es\/wp-content\/uploads\/photo-gallery\/entorno_alrededores\/thumb\/Acueducto_1.jpg\"                           alt=\"Entorno y alrededores\" \/>                    <\/div>                  <\/div>                <\/div>              <\/a>            <\/div>            <div class=\"bwg-extended-item1\">                              <a class=\"bwg-album bwg_album_2\"                   href='\/en\/wp-json\/wp\/v2\/pages\/70?type_2=gallery&#038;album_gallery_id_2=6'                   data-bwg=\"2\"                   data-container_id=\"bwg_album_extended_2\"                   data-alb_gal_id=\"6\"                   data-def_type=\"gallery\"                   data-title=\"Entorno y alrededores\">                  <span class=\"bwg_title_spun_2\">Entorno y alrededores<\/span>                <\/a>                                  <span class=\"bwg_description_spun1_2\">                <span class=\"bwg_description_short_2\">                  <p>Parajes de extraordinaria belleza: naturaleza junto a las aguas del r\u00edo Turia.<\/p>                <\/span>              <\/span>                              <\/div>          <\/div>                    <div class=\"bwg-extended-item\">            <div class=\"bwg-extended-item0\">              <a class=\"bwg-a bwg-album bwg_album_2\"                href='\/en\/wp-json\/wp\/v2\/pages\/70?type_2=gallery&#038;album_gallery_id_2=4'                 style=\"font-size: 0;\"                 data-bwg=\"2\"                 data-container_id=\"bwg_album_extended_2\"                 data-alb_gal_id=\"4\"                 data-def_type=\"gallery\"                 data-title=\"Playa del Turia\">                <div class=\"bwg-item0 bwg_album_thumb_2 lazy_loader\">                  <div class=\"bwg-item1 bwg_album_thumb_spun1_2\">                    <div class=\"bwg-item2\">                      <img class=\"skip-lazy \"                           data-width=\"300\"                           data-height=\"200\"                           data-original=\"https:\/\/www.gestalgarturismo.es\/wp-content\/uploads\/photo-gallery\/el_motor\/thumb\/IMG_6804.JPG\"                           src=\"https:\/\/www.gestalgarturismo.es\/wp-content\/uploads\/photo-gallery\/el_motor\/thumb\/IMG_6804.JPG\"                           alt=\"Playa del Turia\" \/>                    <\/div>                  <\/div>                <\/div>              <\/a>            <\/div>            <div class=\"bwg-extended-item1\">                              <a class=\"bwg-album bwg_album_2\"                   href='\/en\/wp-json\/wp\/v2\/pages\/70?type_2=gallery&#038;album_gallery_id_2=4'                   data-bwg=\"2\"                   data-container_id=\"bwg_album_extended_2\"                   data-alb_gal_id=\"4\"                   data-def_type=\"gallery\"                   data-title=\"Playa del Turia\">                  <span class=\"bwg_title_spun_2\">Playa del Turia<\/span>                <\/a>                                  <span class=\"bwg_description_spun1_2\">                <span class=\"bwg_description_short_2\">                  <p>Un estupendo paraje adecuado para disfrutar de un ba\u00f1o refrescante en verano, con zona de sombra y bar-restaurante.<\/p>                <\/span>              <\/span>                              <\/div>          <\/div>                <\/div>          <input type=\"hidden\" id=\"bwg_album_breadcrumb_2\" name=\"bwg_album_breadcrumb_2\" value='[{\"id\":2,\"page\":1}]' \/>    <style>      \/*pagination styles*\/      #bwg_container1_2 #bwg_container2_2 .tablenav-pages_2 {      text-align: center;      font-size: 12px;      font-family: segoe ui;      font-weight: bold;      color: #666666;      margin: 6px 0 4px;      display: block;      height: 30px;      line-height: 30px;      }      @media only screen and (max-width : 320px) {      #bwg_container1_2 #bwg_container2_2 .displaying-num_2 {      display: none;      }      }      #bwg_container1_2 #bwg_container2_2 .displaying-num_2 {      font-size: 12px;      font-family: segoe ui;      font-weight: bold;      color: #666666;      margin-right: 10px;      vertical-align: middle;      }      #bwg_container1_2 #bwg_container2_2 .paging-input_2 {      font-size: 12px;      font-family: segoe ui;      font-weight: bold;      color: #666666;      vertical-align: middle;      }      #bwg_container1_2 #bwg_container2_2 .tablenav-pages_2 a.disabled,      #bwg_container1_2 #bwg_container2_2 .tablenav-pages_2 a.disabled:hover,      #bwg_container1_2 #bwg_container2_2 .tablenav-pages_2 a.disabled:focus {      cursor: default;      color: rgba(102, 102, 102, 0.5);      }      #bwg_container1_2 #bwg_container2_2 .tablenav-pages_2 a {      cursor: pointer;      font-size: 12px;      font-family: segoe ui;      font-weight: bold;      color: #666666;      text-decoration: none;      padding: 3px 6px;      margin: 0;      border-radius: 0;      border-style: solid;      border-width: 1px;      border-color: #E3E3E3;      background-color: #FFFFFF;      opacity: 1.00;      box-shadow: 0;      transition: all 0.3s ease 0s;-webkit-transition: all 0.3s ease 0s;      }      <\/style>      <span class=\"bwg_nav_cont_2\">              <div class=\"tablenav-pages_2\">                  <\/div>                <input type=\"hidden\" id=\"page_number_2\" name=\"page_number_2\" value=\"1\" \/>      <script type=\"text\/javascript\">        function spider_page_2(cur, x, y, load_more) {          if (typeof load_more == \"undefined\") {            var load_more = false;          }          if (jQuery(cur).hasClass('disabled')) {            return false;          }          var items_county_2 = 1;          switch (y) {            case 1:              if (x >= items_county_2) {                document.getElementById('page_number_2').value = items_county_2;              }              else {                document.getElementById('page_number_2').value = x + 1;              }              break;            case 2:              document.getElementById('page_number_2').value = items_county_2;              break;            case -1:              if (x == 1) {                document.getElementById('page_number_2').value = 1;              }              else {                document.getElementById('page_number_2').value = x - 1;              }              break;            case -2:              document.getElementById('page_number_2').value = 1;              break;            default:              document.getElementById('page_number_2').value = 1;          }          bwg_ajax('gal_front_form_2', '2', 'bwg_album_extended_2', '2', '', 'album', 0, '', '', load_more, '', 1);        }                    jQuery('.first-page-2').on('click', function () {              spider_page_2(this, 1, -2, 'numeric');              return false;            });            jQuery('.prev-page-2').on('click', function () {              spider_page_2(this, 1, -1, 'numeric');              return false;            });            jQuery('.next-page-2').on('click', function () {              spider_page_2(this, 1, 1, 'numeric');              return false;            });            jQuery('.last-page-2').on('click', function () {              spider_page_2(this, 1, 2, 'numeric');              return false;            });                jQuery('.bwg_load_btn_2').on('click', function () {            spider_page_2(this, 1, 1, true);            return false;        });      <\/script>      <\/span>                <\/div>        <\/form>          <style>          #bwg_container1_2 #bwg_container2_2 #spider_popup_overlay_2 {          background-color: #000000;          opacity: 0.70;          }          <\/style>        <div id=\"bwg_spider_popup_loading_2\" class=\"bwg_spider_popup_loading\"><\/div>        <div id=\"spider_popup_overlay_2\" class=\"spider_popup_overlay\" onclick=\"spider_destroypopup(1000)\"><\/div>        <input type=\"hidden\" id=\"bwg_random_seed_2\" value=\"\">                <\/div>    <\/div>    <script>      jQuery(function() {        bwg_main_ready();      });    <\/script>    <\/p>","protected":false},"excerpt":{"rendered":"<p>Sorry, this entry is only available in European Spanish.<\/p>\n","protected":false},"author":1,"featured_media":0,"parent":0,"menu_order":0,"comment_status":"closed","ping_status":"closed","template":"","meta":[],"_links":{"self":[{"href":"https:\/\/www.gestalgarturismo.es\/en\/wp-json\/wp\/v2\/pages\/70"}],"collection":[{"href":"https:\/\/www.gestalgarturismo.es\/en\/wp-json\/wp\/v2\/pages"}],"about":[{"href":"https:\/\/www.gestalgarturismo.es\/en\/wp-json\/wp\/v2\/types\/page"}],"author":[{"embeddable":true,"href":"https:\/\/www.gestalgarturismo.es\/en\/wp-json\/wp\/v2\/users\/1"}],"replies":[{"embeddable":true,"href":"https:\/\/www.gestalgarturismo.es\/en\/wp-json\/wp\/v2\/comments?post=70"}],"version-history":[{"count":7,"href":"https:\/\/www.gestalgarturismo.es\/en\/wp-json\/wp\/v2\/pages\/70\/revisions"}],"predecessor-version":[{"id":580,"href":"https:\/\/www.gestalgarturismo.es\/en\/wp-json\/wp\/v2\/pages\/70\/revisions\/580"}],"wp:attachment":[{"href":"https:\/\/www.gestalgarturismo.es\/en\/wp-json\/wp\/v2\/media?parent=70"}],"curies":[{"name":"wp","href":"https:\/\/api.w.org\/{rel}","templated":true}]}}