{"id":1364,"date":"2020-06-19T17:42:50","date_gmt":"2020-06-19T15:42:50","guid":{"rendered":"https:\/\/www.gestalgarturismo.es\/?page_id=1364"},"modified":"2020-06-23T19:26:56","modified_gmt":"2020-06-23T17:26:56","slug":"informacion-municipal-sobre-la-playa-continental-del-motor-en-gestalgar-y-otras-actividades-en-el-rio-turia-en-el-ano-2020","status":"publish","type":"page","link":"https:\/\/www.gestalgarturismo.es\/en\/informacion-municipal-sobre-la-playa-continental-del-motor-en-gestalgar-y-otras-actividades-en-el-rio-turia-en-el-ano-2020\/","title":{"rendered":"INFORMACI\u00d3N MUNICIPAL SOBRE LA PLAYA CONTINENTAL DEL MOTOR EN GESTALGAR Y OTRAS ACTIVIDADES EN EL R\u00cdO TURIA EN EL A\u00d1O 2020."},"content":{"rendered":"<ul>\n<li><strong><u>Queda prohibido el ba\u00f1o durante la temporada estival de 2020 en la Playa del Motor<\/u><\/strong>, estando habilitadas las \u00e1reas de descanso alrededor de las mismas, estando prohibido el paso por la pasarela que une las dos m\u00e1rgenes.<\/li>\n<li><strong><u>Es obligatorio el uso de mascarilla.<\/u><\/strong><\/li>\n<li>Uso de <strong><u>chanclas o calzado adecuado<\/u><\/strong>.<\/li>\n<li>No dejes huella de tu presencia, <strong><u>ll\u00e9vate tu basura<\/u><\/strong><\/li>\n<li><strong><u>Mantenga la distancia de seguridad<\/u><\/strong><\/li>\n<\/ul>\n<p>Nuestro municipio dispone de senderos y otras zonas, con gran atractivo medioambiental que tambi\u00e9n merecen ser vistas.<\/p>\n<p>En las normas establecidas en las diferentes fases de desescalada, aunque se contemple la posibilidad de reuniones de un n\u00famero limitado de personas para celebraci\u00f3n de ceremonias, aniversarios, etc, no contempla el uso de espacios p\u00fablicos para comer salvo en las terrazas o interior de los bares con el aforo permitido en cada fase, por lo que:<\/p>\n<ul>\n<li>Est\u00e1 <strong><u>prohibido el uso de estas zonas para comer en grupo.<\/u><\/strong><\/li>\n<\/ul>\n<p><strong>COMPROMETETE Y COLABORA PARA MANTENER UN ENTORNO SEGURO<\/strong><\/p>\n<h2 style=\"text-align: center;\"><strong>Normas y Recomendaciones para evitar en la medida de lo posible contagios del COVID-19 en la estaci\u00f3n estival 2020<\/strong><\/h2>\n<p>Le damos la bienvenida a Gestalgar.<\/p>\n<p>Nuestro pueblo ha padecido la pandemia por el virus COVID-19 con menos virulencia que otras partes de Espa\u00f1a. Su distancia de los principales centros de contagio as\u00ed como la r\u00e1pida adopci\u00f3n de medidas de aislamiento por parte de nuestras comunidades redujeron su propagaci\u00f3n que en la mayor\u00eda de los casos ha sido inexistente.<\/p>\n<p>Nos gustar\u00eda que la generosidad con que le acogemos tenga como respuesta por su parte el respeto hac\u00eda los residentes de nuestro pueblo que desde este momento ya puede considerar como suyo.<\/p>\n<p>Por ese motivo, apelamos a su responsabilidad y le agradecer\u00edamos que lea estas <strong><u>Recomendaciones al Visitante<\/u><\/strong> de nuestro pueblo. No hay nada que no conozca ya pero se lo queremos recordar y le agradecer\u00edamos no olvidarlo mientras nos visita.<\/p>\n<table>\n<tbody>\n<tr>\n<td width=\"649\"><strong>I. APARCAMIENTOS\u00a0<\/strong><\/td>\n<\/tr>\n<\/tbody>\n<\/table>\n<p>Los aparcamientos de nuestro pueblo est\u00e1n se\u00f1alizados. Si los encontrase llenos o vea notificada la limitaci\u00f3n de su espacio de uso no opte por dejar su veh\u00edculo en espacios perif\u00e9ricos no autorizados.<\/p>\n<p>La adopci\u00f3n de esta decisi\u00f3n por su parte evitar\u00e1 una masificaci\u00f3n innecesaria que no nos beneficia a nadie.<\/p>\n<p>Estas recomendaciones tambi\u00e9n son aplicables a las motos que solo deben aparcarse en los espacios habilitados al efecto.<\/p>\n<table>\n<tbody>\n<tr>\n<td width=\"649\"><strong>II. VISITA <\/strong><\/td>\n<\/tr>\n<\/tbody>\n<\/table>\n<p>Durante la visita a nuestra localidad cumpla las precauciones b\u00e1sicas de prevenci\u00f3n implantadas a nivel nacional y auton\u00f3mico tanto para exteriores, interiores y senderismo. En cualquier caso queremos recordarle que:<\/p>\n<ul>\n<li>EXTERIORES<\/li>\n<\/ul>\n<p>Entendemos por exteriores los espacios p\u00fablicos por los que transitar\u00e1 durante su visita, es decir, calles, plazas, jardines, parques, terrazas\u2026<\/p>\n<p>Le recomendamos que:<\/p>\n<p>-Mantenga la distancia de seguridad con las personas que no hayan venido con usted.<\/p>\n<p>-El uso de mascarillas en el exterior es obligatorio y de forma muy especial en espacios donde no se pueda mantener el distanciamiento.<\/p>\n<p>-En caso de tos o estornudo h\u00e1galo sobre un pa\u00f1uelo o sobre su antebrazo incluso cuando crea que est\u00e1 solo por nuestras calles.<\/p>\n<p>-Si se encuentra con amigos o se dirige a uno de nuestros residentes, h\u00e1galo respetando siempre la distancia de seguridad y aum\u00e9ntela si lo hace con uno de nuestros mayores.<\/p>\n<p>-Evite tocar elementos externos como son el mobiliario urbano, elementos de nuestro patrimonio, tiradores de las casas\u2026<\/p>\n<p>&#8211; Evite convocar reuniones o congregar a personas en nuestros pueblos. Le pedimos prudencia m\u00e1xima y respeto hacia las edades de riesgo.<\/p>\n<ul>\n<li>INTERIORES<\/li>\n<\/ul>\n<p>Est\u00e1n incluidas en este apartado las visitas a monumentos, iglesias y dem\u00e1s espacios p\u00fablicos:<\/p>\n<p>-Puede que cuando nos visite est\u00e9n cerrados o tengan un nuevo horario de visita.<\/p>\n<p>-Durante la visita es obligatorio el uso de mascarilla.<\/p>\n<p>-Los grupos de visita se ver\u00e1n reducidos seg\u00fan los criterios del gestor del monumento.<\/p>\n<p>-Mantenga una distancia de seguridad prudencial con el resto de visitantes.<\/p>\n<p>-No admita ning\u00fan folleto o gu\u00eda en papel que pueda ser compartido.<\/p>\n<p>-Evite tocar cualquier parte del bien sea mueble o inmueble.<\/p>\n<ul>\n<li>SENDERISMO Y DEPORTES AL AIRE LIBRE<\/li>\n<\/ul>\n<p>-Respete el medio ambiente.<\/p>\n<p>-No tire ning\u00fan objeto o desperdicio.<\/p>\n<p>-Utilice los puntos de recogida de basuras y pl\u00e1sticos.<\/p>\n<p>-Respete cualquier prohibici\u00f3n de paso o de ba\u00f1o.<\/p>\n<table>\n<tbody>\n<tr>\n<td width=\"649\"><strong>III. BARES, RESTAURANTES ,TERRAZAS Y HOSPEDAJE<\/strong><\/td>\n<\/tr>\n<\/tbody>\n<\/table>\n<p>Nuestros bares y restaurantes y hosteleria cuentan con protocolos internos de adecuaci\u00f3n a la pandemia y est\u00e1n al corriente de las formas de actuaci\u00f3n al respecto.<\/p>\n<p>Le pedimos que:<\/p>\n<p>-Siga en todo momento las indicaciones que le hagan los encargados de nuestros establecimientos.<\/p>\n<p>-Cuando entre en los mismos h\u00e1galo con la mascarilla.<\/p>\n<p>-Los bares, restaurantes as\u00ed como sus terrazas no son parques infantiles. Los ni\u00f1os, deben permanecer a su lado.<\/p>\n<p>-Inf\u00f3rmese antes de hacer la reserva de las normas y requisitos que rigen las actuaciones del establecimiento en el que quiera pernoctar.<\/p>\n<p>-L\u00e1vese las manos con esmero cuando salga del cuarto de ba\u00f1o y evite, en la medida de lo posible, tocar elementos comunes.<\/p>\n<table>\n<tbody>\n<tr>\n<td width=\"649\"><strong>IV. INCUMPLIMIENTO <\/strong><\/td>\n<\/tr>\n<\/tbody>\n<\/table>\n<p>Por el bien de todos, el incumplimiento de estas indicaciones dar\u00eda lugar a una advertencia por parte de la autoridad que, en caso de reincidencia, podr\u00eda acarrear una sanci\u00f3n.<\/p>\n<table>\n<tbody>\n<tr>\n<td width=\"649\"><strong>V. ACTUALIZACI\u00d3N Y PUESTA AL D\u00cdA <\/strong><\/td>\n<\/tr>\n<\/tbody>\n<\/table>\n<p>Estas recomendaciones estar\u00e1n siempre supeditadas a la normativa nacional y auton\u00f3mica vigente en cada momento en materia de seguridad sanitaria y desarrollo tur\u00edstico.<\/p>\n<table>\n<tbody>\n<tr>\n<td width=\"649\"><strong>VI. AY\u00daDENOS A MEJORAR <\/strong><\/td>\n<\/tr>\n<\/tbody>\n<\/table>\n<p>Mejoramos gracias a las opiniones de nuestros vecinos y visitantes.<\/p>\n<p>Por este motivo, si tras su visita opina que hay puntos que debemos mejorar, no deje de suger\u00edrnoslo escribi\u00e9ndonos a:<\/p>\n<p><a href=\"mailto:gestalgarturismo@gmail.com\">gestalgarturismo@gmail.com<\/a>.<\/p>\n<p>Le estar\u00edamos muy agradecidos.<\/p>\n<p><strong>GRACIAS POR SU COMPRENSI\u00d3N Y DISFRUTE DE NUESTRO PUEBLO<\/strong>.<\/p>\n<p>EL ALCALDE DE GESTALGAR<\/p>\n<p><a href=\"https:\/\/www.gestalgarturismo.es\/wp-content\/uploads\/2020\/06\/CARTA-CONJUNTA-ALCALDES-PLAYAS-COVID-19.pdf\" data-wplink-edit=\"true\">CARTA CONJUNTA ALCALDES PLAYAS COVID-19<\/a><\/p>\n\n\n<p><\/p>\n","protected":false},"excerpt":{"rendered":"<p>Queda prohibido el ba\u00f1o durante la temporada estival de 2020 en la Playa del Motor, estando habilitadas las \u00e1reas de descanso alrededor de las mismas, estando prohibido el paso por [&hellip;]<\/p>\n","protected":false},"author":1,"featured_media":0,"parent":0,"menu_order":0,"comment_status":"closed","ping_status":"closed","template":"","meta":[],"_links":{"self":[{"href":"https:\/\/www.gestalgarturismo.es\/en\/wp-json\/wp\/v2\/pages\/1364"}],"collection":[{"href":"https:\/\/www.gestalgarturismo.es\/en\/wp-json\/wp\/v2\/pages"}],"about":[{"href":"https:\/\/www.gestalgarturismo.es\/en\/wp-json\/wp\/v2\/types\/page"}],"author":[{"embeddable":true,"href":"https:\/\/www.gestalgarturismo.es\/en\/wp-json\/wp\/v2\/users\/1"}],"replies":[{"embeddable":true,"href":"https:\/\/www.gestalgarturismo.es\/en\/wp-json\/wp\/v2\/comments?post=1364"}],"version-history":[{"count":9,"href":"https:\/\/www.gestalgarturismo.es\/en\/wp-json\/wp\/v2\/pages\/1364\/revisions"}],"predecessor-version":[{"id":1400,"href":"https:\/\/www.gestalgarturismo.es\/en\/wp-json\/wp\/v2\/pages\/1364\/revisions\/1400"}],"wp:attachment":[{"href":"https:\/\/www.gestalgarturismo.es\/en\/wp-json\/wp\/v2\/media?parent=1364"}],"curies":[{"name":"wp","href":"https:\/\/api.w.org\/{rel}","templated":true}]}}