{"id":55,"date":"2016-06-09T20:54:53","date_gmt":"2016-06-09T18:54:53","guid":{"rendered":"https:\/\/www.gestalgarturismo.es\/?page_id=55"},"modified":"2018-05-17T14:25:57","modified_gmt":"2018-05-17T12:25:57","slug":"como-llegar","status":"publish","type":"page","link":"https:\/\/www.gestalgarturismo.es\/ca\/como-llegar\/","title":{"rendered":"Com arribar"},"content":{"rendered":"<p>Com arribar a Gestalgar?<\/p>\n<p><a href=\"https:\/\/www.google.es\/maps\/dir\/Valencia\/46166+Gestalgar,+Valencia\/@39.5504167,-0.7454268,11z\/am=t\/data=!4m13!4m12!1m5!1m1!1s0xd604f4cf0efb06f:0xb4a351011f7f1d39!2m2!1d-0.3762881!2d39.4699075!1m5!1m1!1s0xd60eb83d9888865:0xc56560c546aae0f6!2m2!1d-0.8347577!2d39.6042994\">* Autovia d&#8217;Ademuz CV-35 fins a arribar a Ll\u00edria, on s&#8217;haur\u00e0 de prendre la desviaci\u00f3 de Pedralba (CV-376) i posteriorment continuar cap a Bugarra i Gestalgar (CV-377).<\/a><\/p>\n<p><a href=\"https:\/\/www.google.es\/maps\/dir\/Valencia\/46166+Gestalgar,+Valencia\/@39.5504167,-0.7454268,11z\/data=!4m14!4m13!1m5!1m1!1s0xd604f4cf0efb06f:0xb4a351011f7f1d39!2m2!1d-0.3762881!2d39.4699075!1m5!1m1!1s0xd60eb83d9888865:0xc56560c546aae0f6!2m2!1d-0.8347577!2d39.6042994!5i1\">* Autovia A3 hasta la poblaci\u00f3 de Cheste i prosseguir per la carretera comarcal CV-384 , prendre la desviaci\u00f3 per la CV-382 i continuar per la CV-379 cap a Gestalgar.<\/a><\/p>\n<p><a href=\"https:\/\/www.google.es\/maps\/dir\/Valencia\/46166+Gestalgar,+Valencia\/@39.5072203,-0.7469215,11.5z\/data=!4m15!4m14!1m5!1m1!1s0xd604f4cf0efb06f:0xb4a351011f7f1d39!2m2!1d-0.3762881!2d39.4699075!1m5!1m1!1s0xd60eb83d9888865:0xc56560c546aae0f6!2m2!1d-0.8347577!2d39.6042994!3e0!5i1\">* Autovia A3 hasta la poblaci\u00f3 de Chiva i prosseguir per la carretera comarcal CV-379 cap a Gestalgar.<\/a><\/p>\n<p>* Autob\u00fas des de Val\u00e8ncia , mira en este enlla\u00e7 els horaris: <a href=\"http:\/\/www.gestalgar.es\/content\/transporte-publico\">Transport P\u00fablic<\/a><\/p>\n<p>&nbsp;<\/p>","protected":false},"excerpt":{"rendered":"<p>Com arribar a Gestalgar? * Autovia d&#8217;Ademuz CV-35 fins a arribar a Ll\u00edria, on s&#8217;haur\u00e0 de prendre la desviaci\u00f3 de Pedralba (CV-376) i posteriorment continuar cap a Bugarra i Gestalgar [&hellip;]<\/p>\n","protected":false},"author":1,"featured_media":0,"parent":0,"menu_order":0,"comment_status":"closed","ping_status":"closed","template":"","meta":[],"_links":{"self":[{"href":"https:\/\/www.gestalgarturismo.es\/ca\/wp-json\/wp\/v2\/pages\/55"}],"collection":[{"href":"https:\/\/www.gestalgarturismo.es\/ca\/wp-json\/wp\/v2\/pages"}],"about":[{"href":"https:\/\/www.gestalgarturismo.es\/ca\/wp-json\/wp\/v2\/types\/page"}],"author":[{"embeddable":true,"href":"https:\/\/www.gestalgarturismo.es\/ca\/wp-json\/wp\/v2\/users\/1"}],"replies":[{"embeddable":true,"href":"https:\/\/www.gestalgarturismo.es\/ca\/wp-json\/wp\/v2\/comments?post=55"}],"version-history":[{"count":10,"href":"https:\/\/www.gestalgarturismo.es\/ca\/wp-json\/wp\/v2\/pages\/55\/revisions"}],"predecessor-version":[{"id":1156,"href":"https:\/\/www.gestalgarturismo.es\/ca\/wp-json\/wp\/v2\/pages\/55\/revisions\/1156"}],"wp:attachment":[{"href":"https:\/\/www.gestalgarturismo.es\/ca\/wp-json\/wp\/v2\/media?parent=55"}],"curies":[{"name":"wp","href":"https:\/\/api.w.org\/{rel}","templated":true}]}}